{"id":2,"date":"2025-05-23T15:06:54","date_gmt":"2025-05-23T13:06:54","guid":{"rendered":"https:\/\/lesfermesdebalorre.fr\/?page_id=2"},"modified":"2025-06-07T23:14:50","modified_gmt":"2025-06-07T21:14:50","slug":"page-d-exemple","status":"publish","type":"page","link":"https:\/\/lesfermesdebalorre.fr\/","title":{"rendered":"Accueil"},"content":{"rendered":"\n<p>Bienvenue sur notre site !<\/p>\n\n\n\n<p>Vous y d\u00e9couvrirez notre ferme situ\u00e9e aux confins de la Bourgogne et de l&rsquo;Auvergne, dans la jolie bourgade de Cronat en Sa\u00f4ne-et-Loire.<\/p>\n\n\n\n<p>Nous vous pr\u00e9sentons nos diff\u00e9rentes productions.<\/p>\n\n\n\n<div class=\"wp-block-columns is-layout-flex wp-container-core-columns-is-layout-9d6595d7 wp-block-columns-is-layout-flex\">\n<div class=\"wp-block-column is-layout-flow wp-block-column-is-layout-flow\">\n<figure class=\"wp-block-image size-large\"><img loading=\"lazy\" decoding=\"async\" width=\"683\" height=\"1024\" src=\"https:\/\/lesfermesdebalorre.fr\/wp-content\/uploads\/2025\/06\/IMG_0544-recentree-683x1024.jpg\" alt=\"\" class=\"wp-image-59\" srcset=\"https:\/\/lesfermesdebalorre.fr\/wp-content\/uploads\/2025\/06\/IMG_0544-recentree-683x1024.jpg 683w, https:\/\/lesfermesdebalorre.fr\/wp-content\/uploads\/2025\/06\/IMG_0544-recentree-200x300.jpg 200w, https:\/\/lesfermesdebalorre.fr\/wp-content\/uploads\/2025\/06\/IMG_0544-recentree-768x1152.jpg 768w, https:\/\/lesfermesdebalorre.fr\/wp-content\/uploads\/2025\/06\/IMG_0544-recentree.jpg 1004w\" sizes=\"auto, (max-width: 683px) 100vw, 683px\" \/><\/figure>\n\n\n\n<div class=\"wp-block-buttons is-content-justification-center is-layout-flex wp-container-core-buttons-is-layout-16018d1d wp-block-buttons-is-layout-flex\">\n<div class=\"wp-block-button\"><a class=\"wp-block-button__link wp-element-button\">C\u00f4t\u00e9 moutons<\/a><\/div>\n<\/div>\n<\/div>\n\n\n\n<div class=\"wp-block-column is-layout-flow wp-block-column-is-layout-flow\">\n<div class=\"wp-block-buttons is-content-justification-center is-layout-flex wp-container-core-buttons-is-layout-16018d1d wp-block-buttons-is-layout-flex\">\n<div class=\"wp-block-button\"><a class=\"wp-block-button__link wp-element-button\">C\u00f4t\u00e9 vaches<\/a><\/div>\n<\/div>\n\n\n\n<figure class=\"wp-block-image size-large\"><img loading=\"lazy\" decoding=\"async\" width=\"863\" height=\"1024\" src=\"https:\/\/lesfermesdebalorre.fr\/wp-content\/uploads\/2025\/06\/Vache-5-scaled-e1749330438213-863x1024.jpg\" alt=\"\" class=\"wp-image-58\" srcset=\"https:\/\/lesfermesdebalorre.fr\/wp-content\/uploads\/2025\/06\/Vache-5-scaled-e1749330438213-863x1024.jpg 863w, https:\/\/lesfermesdebalorre.fr\/wp-content\/uploads\/2025\/06\/Vache-5-scaled-e1749330438213-253x300.jpg 253w, https:\/\/lesfermesdebalorre.fr\/wp-content\/uploads\/2025\/06\/Vache-5-scaled-e1749330438213-768x912.jpg 768w, https:\/\/lesfermesdebalorre.fr\/wp-content\/uploads\/2025\/06\/Vache-5-scaled-e1749330438213-1294x1536.jpg 1294w, https:\/\/lesfermesdebalorre.fr\/wp-content\/uploads\/2025\/06\/Vache-5-scaled-e1749330438213.jpg 1438w\" sizes=\"auto, (max-width: 863px) 100vw, 863px\" \/><\/figure>\n<\/div>\n\n\n\n<div class=\"wp-block-column is-layout-flow wp-block-column-is-layout-flow\">\n<div class=\"wp-block-buttons is-content-justification-center is-layout-flex wp-container-core-buttons-is-layout-16018d1d wp-block-buttons-is-layout-flex\">\n<div class=\"wp-block-button\"><a class=\"wp-block-button__link wp-element-button\">C\u00f4t\u00e9 \u00e9peautre<\/a><\/div>\n<\/div>\n\n\n\n<figure class=\"wp-block-image size-full\"><img loading=\"lazy\" decoding=\"async\" width=\"379\" height=\"549\" src=\"https:\/\/lesfermesdebalorre.fr\/wp-content\/uploads\/2025\/06\/cereale_epeautre-e1749330700732.png\" alt=\"\" class=\"wp-image-56\" srcset=\"https:\/\/lesfermesdebalorre.fr\/wp-content\/uploads\/2025\/06\/cereale_epeautre-e1749330700732.png 379w, https:\/\/lesfermesdebalorre.fr\/wp-content\/uploads\/2025\/06\/cereale_epeautre-e1749330700732-207x300.png 207w\" sizes=\"auto, (max-width: 379px) 100vw, 379px\" \/><\/figure>\n<\/div>\n<\/div>\n\n\n\n<div class=\"wp-block-buttons wp-container-content-69bc4bdf is-layout-flex wp-block-buttons-is-layout-flex\"><\/div>\n","protected":false},"excerpt":{"rendered":"<p>Bienvenue sur notre site ! Vous y d\u00e9couvrirez notre ferme situ\u00e9e aux confins de la Bourgogne et de l&rsquo;Auvergne, dans la jolie bourgade de Cronat en Sa\u00f4ne-et-Loire. Nous vous pr\u00e9sentons&hellip;<\/p>\n","protected":false},"author":1,"featured_media":7,"parent":0,"menu_order":0,"comment_status":"closed","ping_status":"open","template":"","meta":{"footnotes":""},"class_list":["post-2","page","type-page","status-publish","has-post-thumbnail","hentry"],"_links":{"self":[{"href":"https:\/\/lesfermesdebalorre.fr\/index.php?rest_route=\/wp\/v2\/pages\/2","targetHints":{"allow":["GET"]}}],"collection":[{"href":"https:\/\/lesfermesdebalorre.fr\/index.php?rest_route=\/wp\/v2\/pages"}],"about":[{"href":"https:\/\/lesfermesdebalorre.fr\/index.php?rest_route=\/wp\/v2\/types\/page"}],"author":[{"embeddable":true,"href":"https:\/\/lesfermesdebalorre.fr\/index.php?rest_route=\/wp\/v2\/users\/1"}],"replies":[{"embeddable":true,"href":"https:\/\/lesfermesdebalorre.fr\/index.php?rest_route=%2Fwp%2Fv2%2Fcomments&post=2"}],"version-history":[{"count":16,"href":"https:\/\/lesfermesdebalorre.fr\/index.php?rest_route=\/wp\/v2\/pages\/2\/revisions"}],"predecessor-version":[{"id":78,"href":"https:\/\/lesfermesdebalorre.fr\/index.php?rest_route=\/wp\/v2\/pages\/2\/revisions\/78"}],"wp:featuredmedia":[{"embeddable":true,"href":"https:\/\/lesfermesdebalorre.fr\/index.php?rest_route=\/wp\/v2\/media\/7"}],"wp:attachment":[{"href":"https:\/\/lesfermesdebalorre.fr\/index.php?rest_route=%2Fwp%2Fv2%2Fmedia&parent=2"}],"curies":[{"name":"wp","href":"https:\/\/api.w.org\/{rel}","templated":true}]}}